{"id":3897,"date":"2019-08-17T16:30:12","date_gmt":"2019-08-17T16:30:12","guid":{"rendered":"http:\/\/axf-grafix.de\/theforces\/?page_id=3897"},"modified":"2020-03-09T13:37:19","modified_gmt":"2020-03-09T13:37:19","slug":"datenschutzerklaerung","status":"publish","type":"page","link":"https:\/\/axf-grafix.de\/theforces\/datenschutzerklaerung\/","title":{"rendered":"Datenschutzerkl\u00e4rung"},"content":{"rendered":"\r\n<h2 class=\"adsimple-311160424 wp-block-heading\">Datenschutz<\/h2>\r\n<p>Wir haben diese Datenschutzerkl\u00e4rung (Fassung 09.03.2020-311160424) verfasst, um Ihnen gem\u00e4\u00df der Vorgaben der <a class=\"adsimple-311160424\" href=\"https:\/\/eur-lex.europa.eu\/legal-content\/DE\/ALL\/?uri=celex%3A32016R0679&amp;tid=311160424\" target=\"_blank\" rel=\"noopener noreferrer\">Datenschutz-Grundverordnung (EU) 2016\/679<\/a> zu erkl\u00e4ren, welche Informationen wir sammeln, wie wir Daten verwenden und welche Entscheidungsm\u00f6glichkeiten Sie als Besucher dieser Webseite haben.<\/p>\r\n<p>Leider liegt es in der Natur der Sache, dass diese Erkl\u00e4rungen sehr technisch klingen, wir haben uns bei der Erstellung jedoch bem\u00fcht die wichtigsten Dinge so einfach und klar wie m\u00f6glich zu beschreiben.<\/p>\r\n<p>Quelle: Erstellt\u00a0mit dem\u00a0<a title=\"Datenschutz Generator Deutschland\" href=\"https:\/\/www.adsimple.de\/datenschutz-generator\/\" target=\"_blank\" rel=\"follow noopener noreferrer\">Datenschutz Generator<\/a> von AdSimple\u00a0in Kooperation mit <a title=\"\" href=\"https:\/\/www.warkly.de\" target=\"_blank\" rel=\"follow noopener noreferrer\">warkly.de<\/a><\/p>\r\n","protected":false},"excerpt":{"rendered":"<p>Datenschutz Wir haben diese Datenschutzerkl\u00e4rung (Fassung 09.03.2020-311160424) verfasst, um Ihnen gem\u00e4\u00df der Vorgaben der Datenschutz-Grundverordnung (EU) 2016\/679 zu erkl\u00e4ren, welche Informationen wir sammeln, wie wir Daten verwenden und welche Entscheidungsm\u00f6glichkeiten Sie als Besucher dieser Webseite haben. Leider liegt es in der Natur der Sache, dass diese Erkl\u00e4rungen sehr technisch klingen, wir haben uns bei der<span class=\"excerpt-ellipsis\">&#8230;<\/span><\/p>\n<p><a class=\"more-link\" href=\"https:\/\/axf-grafix.de\/theforces\/datenschutzerklaerung\/\" itemprop=\"url\">Continue Reading<\/a><\/p>\n","protected":false},"author":5,"featured_media":0,"parent":0,"menu_order":0,"comment_status":"closed","ping_status":"closed","template":"","meta":{"footnotes":""},"class_list":["post-3897","page","type-page","status-publish","hentry"],"_links":{"self":[{"href":"https:\/\/axf-grafix.de\/theforces\/wp-json\/wp\/v2\/pages\/3897","targetHints":{"allow":["GET"]}}],"collection":[{"href":"https:\/\/axf-grafix.de\/theforces\/wp-json\/wp\/v2\/pages"}],"about":[{"href":"https:\/\/axf-grafix.de\/theforces\/wp-json\/wp\/v2\/types\/page"}],"author":[{"embeddable":true,"href":"https:\/\/axf-grafix.de\/theforces\/wp-json\/wp\/v2\/users\/5"}],"replies":[{"embeddable":true,"href":"https:\/\/axf-grafix.de\/theforces\/wp-json\/wp\/v2\/comments?post=3897"}],"version-history":[{"count":4,"href":"https:\/\/axf-grafix.de\/theforces\/wp-json\/wp\/v2\/pages\/3897\/revisions"}],"predecessor-version":[{"id":3919,"href":"https:\/\/axf-grafix.de\/theforces\/wp-json\/wp\/v2\/pages\/3897\/revisions\/3919"}],"wp:attachment":[{"href":"https:\/\/axf-grafix.de\/theforces\/wp-json\/wp\/v2\/media?parent=3897"}],"curies":[{"name":"wp","href":"https:\/\/api.w.org\/{rel}","templated":true}]}}